{"id":154,"date":"2020-03-26T23:12:38","date_gmt":"2020-03-26T22:12:38","guid":{"rendered":"https:\/\/winkel.djayamakmur.nl\/?post_type=product&#038;p=154"},"modified":"2025-07-14T09:23:53","modified_gmt":"2025-07-14T07:23:53","slug":"gado-gado","status":"publish","type":"product","link":"https:\/\/winkel.djayamakmur.nl\/index.php\/product\/gado-gado\/","title":{"rendered":"Gado Gado"},"content":{"rendered":"<p>Salade van kool en wortel met paprika, komkommer, temp\u00e9, tahoe, boontjes, taug\u00e9 en ei en een bakje sat\u00e9 saus<\/p>\n","protected":false},"excerpt":{"rendered":"<p>Salade van kool en wortel met paprika, komkommer, temp\u00e9, tahoe, boontjes, taug\u00e9 en ei en een bakje sat\u00e9 saus<\/p>\n","protected":false},"featured_media":155,"comment_status":"open","ping_status":"closed","template":"","meta":[],"product_brand":[],"product_cat":[21],"product_tag":[],"class_list":{"0":"post-154","1":"product","2":"type-product","3":"status-publish","4":"has-post-thumbnail","6":"product_cat-vegetarisch","8":"first","9":"instock","10":"taxable","11":"shipping-taxable","12":"purchasable","13":"product-type-simple"},"yoast_head":"<!-- This site is optimized with the Yoast SEO plugin v27.4 - https:\/\/yoast.com\/product\/yoast-seo-wordpress\/ -->\n<title>Gado Gado - Online Indonesisch eten bestellen bij Toko Djaya Makmur<\/title>\n<meta name=\"robots\" content=\"noindex, follow, max-snippet:-1, max-image-preview:large, max-video-preview:-1\" \/>\n<meta property=\"og:locale\" content=\"nl_NL\" \/>\n<meta property=\"og:type\" content=\"article\" \/>\n<meta property=\"og:title\" content=\"Gado Gado - Online Indonesisch eten bestellen bij Toko Djaya Makmur\" \/>\n<meta property=\"og:description\" content=\"Salade van kool en wortel met paprika, komkommer, temp\u00e9, tahoe, boontjes, taug\u00e9 en ei en een bakje sat\u00e9 saus\" \/>\n<meta property=\"og:url\" content=\"https:\/\/winkel.djayamakmur.nl\/index.php\/product\/gado-gado\/\" \/>\n<meta property=\"og:site_name\" content=\"Online Indonesisch eten bestellen bij Toko Djaya Makmur\" \/>\n<meta property=\"article:modified_time\" content=\"2025-07-14T07:23:53+00:00\" \/>\n<meta property=\"og:image\" content=\"https:\/\/winkel.djayamakmur.nl\/wp-content\/uploads\/2020\/03\/Gado-Gado.jpg\" \/>\n\t<meta property=\"og:image:width\" content=\"514\" \/>\n\t<meta property=\"og:image:height\" content=\"242\" \/>\n\t<meta property=\"og:image:type\" content=\"image\/jpeg\" \/>\n<meta name=\"twitter:card\" content=\"summary_large_image\" \/>\n<meta name=\"twitter:label1\" content=\"Geschatte leestijd\" \/>\n\t<meta name=\"twitter:data1\" content=\"1 minuut\" \/>\n<script type=\"application\/ld+json\" class=\"yoast-schema-graph\">{\"@context\":\"https:\\\/\\\/schema.org\",\"@graph\":[{\"@type\":\"WebPage\",\"@id\":\"https:\\\/\\\/winkel.djayamakmur.nl\\\/index.php\\\/product\\\/gado-gado\\\/\",\"url\":\"https:\\\/\\\/winkel.djayamakmur.nl\\\/index.php\\\/product\\\/gado-gado\\\/\",\"name\":\"Gado Gado - Online Indonesisch eten bestellen bij Toko Djaya Makmur\",\"isPartOf\":{\"@id\":\"https:\\\/\\\/winkel.djayamakmur.nl\\\/#website\"},\"primaryImageOfPage\":{\"@id\":\"https:\\\/\\\/winkel.djayamakmur.nl\\\/index.php\\\/product\\\/gado-gado\\\/#primaryimage\"},\"image\":{\"@id\":\"https:\\\/\\\/winkel.djayamakmur.nl\\\/index.php\\\/product\\\/gado-gado\\\/#primaryimage\"},\"thumbnailUrl\":\"https:\\\/\\\/i0.wp.com\\\/winkel.djayamakmur.nl\\\/wp-content\\\/uploads\\\/2020\\\/03\\\/Gado-Gado.jpg?fit=514%2C242&ssl=1\",\"datePublished\":\"2020-03-26T22:12:38+00:00\",\"dateModified\":\"2025-07-14T07:23:53+00:00\",\"breadcrumb\":{\"@id\":\"https:\\\/\\\/winkel.djayamakmur.nl\\\/index.php\\\/product\\\/gado-gado\\\/#breadcrumb\"},\"inLanguage\":\"nl-NL\",\"potentialAction\":[{\"@type\":\"ReadAction\",\"target\":[\"https:\\\/\\\/winkel.djayamakmur.nl\\\/index.php\\\/product\\\/gado-gado\\\/\"]}]},{\"@type\":\"ImageObject\",\"inLanguage\":\"nl-NL\",\"@id\":\"https:\\\/\\\/winkel.djayamakmur.nl\\\/index.php\\\/product\\\/gado-gado\\\/#primaryimage\",\"url\":\"https:\\\/\\\/i0.wp.com\\\/winkel.djayamakmur.nl\\\/wp-content\\\/uploads\\\/2020\\\/03\\\/Gado-Gado.jpg?fit=514%2C242&ssl=1\",\"contentUrl\":\"https:\\\/\\\/i0.wp.com\\\/winkel.djayamakmur.nl\\\/wp-content\\\/uploads\\\/2020\\\/03\\\/Gado-Gado.jpg?fit=514%2C242&ssl=1\",\"width\":514,\"height\":242},{\"@type\":\"BreadcrumbList\",\"@id\":\"https:\\\/\\\/winkel.djayamakmur.nl\\\/index.php\\\/product\\\/gado-gado\\\/#breadcrumb\",\"itemListElement\":[{\"@type\":\"ListItem\",\"position\":1,\"name\":\"Home\",\"item\":\"https:\\\/\\\/winkel.djayamakmur.nl\\\/\"},{\"@type\":\"ListItem\",\"position\":2,\"name\":\"Alle gerechten\",\"item\":\"https:\\\/\\\/winkel.djayamakmur.nl\\\/index.php\\\/shop\\\/\"},{\"@type\":\"ListItem\",\"position\":3,\"name\":\"Gado Gado\"}]},{\"@type\":\"WebSite\",\"@id\":\"https:\\\/\\\/winkel.djayamakmur.nl\\\/#website\",\"url\":\"https:\\\/\\\/winkel.djayamakmur.nl\\\/\",\"name\":\"Online Indonesisch eten bestellen bij Toko Djaya Makmur\",\"description\":\"Al 30 jaar een begrip in Alkmaar\",\"potentialAction\":[{\"@type\":\"SearchAction\",\"target\":{\"@type\":\"EntryPoint\",\"urlTemplate\":\"https:\\\/\\\/winkel.djayamakmur.nl\\\/?s={search_term_string}\"},\"query-input\":{\"@type\":\"PropertyValueSpecification\",\"valueRequired\":true,\"valueName\":\"search_term_string\"}}],\"inLanguage\":\"nl-NL\"}]}<\/script>\n<!-- \/ Yoast SEO plugin. -->","yoast_head_json":{"title":"Gado Gado - Online Indonesisch eten bestellen bij Toko Djaya Makmur","robots":{"index":"noindex","follow":"follow","max-snippet":"max-snippet:-1","max-image-preview":"max-image-preview:large","max-video-preview":"max-video-preview:-1"},"og_locale":"nl_NL","og_type":"article","og_title":"Gado Gado - Online Indonesisch eten bestellen bij Toko Djaya Makmur","og_description":"Salade van kool en wortel met paprika, komkommer, temp\u00e9, tahoe, boontjes, taug\u00e9 en ei en een bakje sat\u00e9 saus","og_url":"https:\/\/winkel.djayamakmur.nl\/index.php\/product\/gado-gado\/","og_site_name":"Online Indonesisch eten bestellen bij Toko Djaya Makmur","article_modified_time":"2025-07-14T07:23:53+00:00","og_image":[{"width":514,"height":242,"url":"https:\/\/winkel.djayamakmur.nl\/wp-content\/uploads\/2020\/03\/Gado-Gado.jpg","type":"image\/jpeg"}],"twitter_card":"summary_large_image","twitter_misc":{"Geschatte leestijd":"1 minuut"},"schema":{"@context":"https:\/\/schema.org","@graph":[{"@type":"WebPage","@id":"https:\/\/winkel.djayamakmur.nl\/index.php\/product\/gado-gado\/","url":"https:\/\/winkel.djayamakmur.nl\/index.php\/product\/gado-gado\/","name":"Gado Gado - Online Indonesisch eten bestellen bij Toko Djaya Makmur","isPartOf":{"@id":"https:\/\/winkel.djayamakmur.nl\/#website"},"primaryImageOfPage":{"@id":"https:\/\/winkel.djayamakmur.nl\/index.php\/product\/gado-gado\/#primaryimage"},"image":{"@id":"https:\/\/winkel.djayamakmur.nl\/index.php\/product\/gado-gado\/#primaryimage"},"thumbnailUrl":"https:\/\/i0.wp.com\/winkel.djayamakmur.nl\/wp-content\/uploads\/2020\/03\/Gado-Gado.jpg?fit=514%2C242&ssl=1","datePublished":"2020-03-26T22:12:38+00:00","dateModified":"2025-07-14T07:23:53+00:00","breadcrumb":{"@id":"https:\/\/winkel.djayamakmur.nl\/index.php\/product\/gado-gado\/#breadcrumb"},"inLanguage":"nl-NL","potentialAction":[{"@type":"ReadAction","target":["https:\/\/winkel.djayamakmur.nl\/index.php\/product\/gado-gado\/"]}]},{"@type":"ImageObject","inLanguage":"nl-NL","@id":"https:\/\/winkel.djayamakmur.nl\/index.php\/product\/gado-gado\/#primaryimage","url":"https:\/\/i0.wp.com\/winkel.djayamakmur.nl\/wp-content\/uploads\/2020\/03\/Gado-Gado.jpg?fit=514%2C242&ssl=1","contentUrl":"https:\/\/i0.wp.com\/winkel.djayamakmur.nl\/wp-content\/uploads\/2020\/03\/Gado-Gado.jpg?fit=514%2C242&ssl=1","width":514,"height":242},{"@type":"BreadcrumbList","@id":"https:\/\/winkel.djayamakmur.nl\/index.php\/product\/gado-gado\/#breadcrumb","itemListElement":[{"@type":"ListItem","position":1,"name":"Home","item":"https:\/\/winkel.djayamakmur.nl\/"},{"@type":"ListItem","position":2,"name":"Alle gerechten","item":"https:\/\/winkel.djayamakmur.nl\/index.php\/shop\/"},{"@type":"ListItem","position":3,"name":"Gado Gado"}]},{"@type":"WebSite","@id":"https:\/\/winkel.djayamakmur.nl\/#website","url":"https:\/\/winkel.djayamakmur.nl\/","name":"Online Indonesisch eten bestellen bij Toko Djaya Makmur","description":"Al 30 jaar een begrip in Alkmaar","potentialAction":[{"@type":"SearchAction","target":{"@type":"EntryPoint","urlTemplate":"https:\/\/winkel.djayamakmur.nl\/?s={search_term_string}"},"query-input":{"@type":"PropertyValueSpecification","valueRequired":true,"valueName":"search_term_string"}}],"inLanguage":"nl-NL"}]}},"jetpack_sharing_enabled":true,"_links":{"self":[{"href":"https:\/\/winkel.djayamakmur.nl\/index.php\/wp-json\/wp\/v2\/product\/154","targetHints":{"allow":["GET"]}}],"collection":[{"href":"https:\/\/winkel.djayamakmur.nl\/index.php\/wp-json\/wp\/v2\/product"}],"about":[{"href":"https:\/\/winkel.djayamakmur.nl\/index.php\/wp-json\/wp\/v2\/types\/product"}],"replies":[{"embeddable":true,"href":"https:\/\/winkel.djayamakmur.nl\/index.php\/wp-json\/wp\/v2\/comments?post=154"}],"wp:featuredmedia":[{"embeddable":true,"href":"https:\/\/winkel.djayamakmur.nl\/index.php\/wp-json\/wp\/v2\/media\/155"}],"wp:attachment":[{"href":"https:\/\/winkel.djayamakmur.nl\/index.php\/wp-json\/wp\/v2\/media?parent=154"}],"wp:term":[{"taxonomy":"product_brand","embeddable":true,"href":"https:\/\/winkel.djayamakmur.nl\/index.php\/wp-json\/wp\/v2\/product_brand?post=154"},{"taxonomy":"product_cat","embeddable":true,"href":"https:\/\/winkel.djayamakmur.nl\/index.php\/wp-json\/wp\/v2\/product_cat?post=154"},{"taxonomy":"product_tag","embeddable":true,"href":"https:\/\/winkel.djayamakmur.nl\/index.php\/wp-json\/wp\/v2\/product_tag?post=154"}],"curies":[{"name":"wp","href":"https:\/\/api.w.org\/{rel}","templated":true}]}}